{"id":2360,"date":"2018-05-28T14:39:58","date_gmt":"2018-05-28T14:39:58","guid":{"rendered":"http:\/\/travellingdeviaje.com\/?page_id=2360&#038;lang=ca"},"modified":"2023-12-26T20:37:42","modified_gmt":"2023-12-26T18:37:42","slug":"avis-legal-politica-de-privacitat","status":"publish","type":"page","link":"https:\/\/travellingdeviaje.com\/ca\/avis-legal-politica-de-privacitat\/","title":{"rendered":"Av\u00eds Legal &#8211; Pol\u00edtica de Privacitat"},"content":{"rendered":"<p>[vc_row][vc_column][vc_column_text el_class=&#8221;texto&#8221;]<strong>RESPONSABLE DEL TRACTAMENT DE LES DADES<\/strong><\/p>\n<p>En compliment del deure d&#8217;informaci\u00f3 que estableix la Llei La 34\/2002, d&#8217;11 de juliol, de Serveis de la Societat de la Informaci\u00f3 i del Comer\u00e7 Electr\u00f2nic, li comuniquem que la present web \u00e9s titularitat de:<\/p>\n<p>Denominaci\u00f3 Social: <strong>SERVEIS TURISTICS TRAVELLING S.L.<\/strong><strong>\u00a0<\/strong> (En endavant El responsable)<\/p>\n<p>CIF \/ NIF: B67472381<\/p>\n<p>Tel\u00e9fons: <strong>+34 648 762 279<\/strong><\/p>\n<p>e-Mail: <strong>info@travellingdeviatge.cat<\/strong><\/p>\n<p>Nom de dominis: <strong>travellingdeviatge.cat\u00a0<\/strong>(En adelante El sitio web)<\/p>\n<p>&nbsp;<\/p>\n<p><strong>OBJECTE<\/strong><\/p>\n<p>El responsable posa a disposici\u00f3 dels usuaris el present document amb el qual pret\u00e9n\u00a0donar compliment\u00a0del que disposa la normativa vigent en mat\u00e8ria de protecci\u00f3 de dades, i en el context del nou marc normatiu establert en virtut del qual disposa el Reglament (UE) 2016\/679 del Parlament Europeu i del Consell, de 27 d&#8217;abril de 2016, relatiu a la protecci\u00f3 de les persones f\u00edsiques pel que fa al tractament de dades personals i a la lliure circulaci\u00f3 d&#8217;aquestes dades (en endavant, el &#8220;RGPD&#8221;), i la normativa nacional en mat\u00e8ria de protecci\u00f3 de dades de car\u00e0cter personal, aix\u00ed com informar a tots els usuaris del lloc web respecte a quines s\u00f3n les condicions d&#8217;\u00fas d&#8217;aquest.<\/p>\n<p>Tota persona que accedeixi a aquest lloc web assumeix el paper d&#8217;usuari, comprometent-se a l&#8217;observan\u00e7a i compliment rigor\u00f3s de les disposicions aqu\u00ed disposades, aix\u00ed com a qualsevol altra disposici\u00f3 legal que fora d&#8217;aplicaci\u00f3.<\/p>\n<p>El responsable es reserva el dret a modificar qualsevol tipus d&#8217;informaci\u00f3 que pogu\u00e9s apar\u00e8ixer al lloc web, sense que hi hagi obligaci\u00f3 de preavisar o posar en coneixement dels usuaris aquestes obligacions, entenent-se com suficient amb la publicaci\u00f3 al lloc web del responsable.<\/p>\n<p><strong>\u00a0<\/strong><\/p>\n<p><strong>RESPONSABILITAT<\/strong><\/p>\n<p>El responsable s&#8217;eximeix de qualsevol tipus de responsabilitat derivada de la informaci\u00f3 publicada al seu lloc web, sempre que aquesta informaci\u00f3 hagi estat manipulada o introdu\u00efda per un tercer ali\u00e8 a aquest.<\/p>\n<p><strong>ADRECES IP<\/strong><\/p>\n<p>Els servidors del lloc web podran detectar de manera autom\u00e0tica l&#8217;adre\u00e7a IP i el nom de domini utilitzats per l&#8217;usuari.<\/p>\n<p>&nbsp;<\/p>\n<p>Una adre\u00e7a IP \u00e9s un nombre assignat autom\u00e0ticament a un ordinador quan aquest es connecta a Internet. Tota aquesta informaci\u00f3 \u00e9s registrada en un fitxer d&#8217;activitat del servidor, degudament inscrit, que permet el posterior processament de les dades amb la finalitat d&#8217;obtenir mesures \u00fanicament estad\u00edstiques que permetin con\u00e8ixer el nombre d&#8217;impressions de p\u00e0gines, el nombre de visites realitzades als servidors web, l&#8217;ordre de visites, el punt d&#8217;acc\u00e9s, etc.<\/p>\n<p><strong>\u00a0<\/strong><\/p>\n<p><strong>POL\u00cdTICA DE ENLLA\u00c7OS<\/strong><\/p>\n<p>Des del present lloc web \u00e9s possible que es redirigeixi a continguts de tercers llocs web. At\u00e8s que El responsable no pot controlar sempre els continguts introdu\u00efts pels tercers en els seus llocs web, aquest no assumeix cap tipus de responsabilitat respecte a aquests continguts. En tot cas, El Responsable manifesta que procedir\u00e0 a la retirada immediata de qualsevol contingut que pogu\u00e9s contravenir la legislaci\u00f3 nacional o internacional, la moral o l&#8217;ordre p\u00fablic, procedint a la retirada immediata de la redirecci\u00f3 a dit lloc web, posant en coneixement de les autoritats competents el contingut en q\u00fcesti\u00f3.<\/p>\n<p>El responsable no es fa responsable de la informaci\u00f3 i continguts emmagatzemats, a t\u00edtol enunciatiu per\u00f2 no limitatiu, en f\u00f2rums, xat, generadors de blocs, comentaris, xarxes socials o qualsevol altre mitj\u00e0 que permeti a tercers publicar continguts de forma independent en la p\u00e0gina web del responsable. No obstant aix\u00f2 i en compliment del que disposa l&#8217;art. 11 i 16 de la LSSICE, El Responsable es posa a disposici\u00f3 de tots els usuaris, autoritats i forces de seguretat, col\u00b7laborant de forma activa en la retirada o si escau bloqueig de tots aquells continguts que puguin afectar o contravenir la legislaci\u00f3 nacional, o internacional, drets de tercers o la moral i l&#8217;ordre p\u00fablic. En cas que l&#8217;usuari consideri que existeix en el lloc web algun contingut que pogu\u00e9s ser susceptible d&#8217;aquesta classificaci\u00f3, es prega que ho faci saber de forma immediata a l&#8217;administrador del lloc web.<\/p>\n<p>Aquest lloc web ha estat revisat i provat perqu\u00e8 funcioni correctament. En principi, pot garantir-se el correcte funcionament els 365 dies de l&#8217;any, 24 hores al dia. No obstant aix\u00f2, El Responsable no descarta la possibilitat que existeixin certs errors de programaci\u00f3, o que esdevinguin causes de for\u00e7a major, cat\u00e0strofes naturals, vagues, o circumst\u00e0ncies semblants que facin impossible l&#8217;acc\u00e9s a la p\u00e0gina web.<\/p>\n<p><strong>\u00a0<\/strong><\/p>\n<p><strong>PROTECCI\u00d3 DE DADES<\/strong><\/p>\n<p>El responsable es troba profundament comprom\u00e8s en el compliment del que disposa la normativa vigent en mat\u00e8ria de protecci\u00f3 de dades, i en el context del nou marc normatiu establert en virtut del qual disposa el Reglament (UE) 2016\/679 del Parlament Europeu i del Consell, de 27 d&#8217;abril de 2016, relatiu a la protecci\u00f3 de les persones f\u00edsiques pel que fa al tractament de dades personals i a la lliure circulaci\u00f3 d&#8217;aquestes dades (en endavant, el &#8220;RGPD&#8221;), i la normativa nacional en mat\u00e8ria de protecci\u00f3 de dades de car\u00e0cter personal.<\/p>\n<p>Aix\u00ed mateix, El Responsable informa que\u00a0donar compliment\u00a0a la Llei 34\/2002 d&#8217;11 de juliol, de Serveis de la Societat de la Informaci\u00f3 i el Comer\u00e7 Electr\u00f2nic i li sol\u00b7licitar\u00e0 el seu consentiment al tractament de les seves dades amb fins comercials en cada moment.<\/p>\n<p><strong>\u00a0<\/strong><\/p>\n<p><strong>PROPIETAT INTEL\u00b7LECTUAL I INDUSTRIAL<\/strong><\/p>\n<p>El lloc web,\u00a0incl\u00f2s\u00a0el t\u00edtol enunciatiu per\u00f2 no\u00a0limitatiu\u00a0la seva programaci\u00f3, edici\u00f3, compilaci\u00f3 i altres elements necessaris per al seu funcionament, els dissenys, logotips, text i\/o gr\u00e0fics s\u00f3n propietat del responsable o, si\u00a0escau disposa\u00a0de llic\u00e8ncia o autoritzaci\u00f3 expressa per part dels autors.<\/p>\n<p>Tots els continguts del lloc web es troben degudament protegits per la normativa de propietat intel\u00b7lectual i industrial.<\/p>\n<p>Independentment de la finalitat per a la qual fossin destinats, la reproducci\u00f3 total o parcial, \u00fas, explotaci\u00f3, distribuci\u00f3 i comercialitzaci\u00f3, requereix en tot cas de l&#8217;autoritzaci\u00f3 escrita pr\u00e8via per part del responsable. Qualsevol \u00fas no autoritzat pr\u00e8viament per part del responsable ser\u00e0 considerat un incompliment greu dels drets de propietat intel\u00b7lectual o industrial de l&#8217;autor.<\/p>\n<p>&nbsp;<\/p>\n<p>Els dissenys, logotips, text i \/ o gr\u00e0fics aliens al prestador i que poguessin apar\u00e8ixer en el lloc web, pertanyen als seus respectius propietaris, sent ells mateixos responsables de qualsevol possible controv\u00e8rsia que pogu\u00e9s suscitar respecte a aquests. En tot cas, El Responsable compta amb l&#8217;autoritzaci\u00f3 expressa i pr\u00e8via per part\u00a0d&#8217;aquests.<\/p>\n<p>El responsable autoritza expressament\u00a0a qu\u00e8\u00a0tercers puguin redirigir directament als continguts concrets del lloc web, i en tot cas redirigir a la p\u00e0gina principal del lloc web del responsable.<\/p>\n<p>El Responsable reconeix a favor dels seus titulars els corresponents drets de propietat intel\u00b7lectual i industrial, no implicant el seu sol esment o aparici\u00f3 en el lloc web l&#8217;exist\u00e8ncia de drets o responsabilitat alguna del responsable\u00a0sobre aquests, com tampoc respatller, patrocini o recomanaci\u00f3 per la seva part.<\/p>\n<p>Per a totes aquelles imatges en qu\u00e8 el programari de disseny ho permet, s&#8217;han incl\u00f2s les refer\u00e8ncies corresponents a l&#8217;autoria i llic\u00e8ncia corresponent.<\/p>\n<p>Per realitzar qualsevol tipus d&#8217;observaci\u00f3 respecte a possibles incompliments dels drets de propietat intel\u00b7lectual o industrial, aix\u00ed com sobre qualsevol dels continguts del lloc web, pot fer-ho a trav\u00e9s del seg\u00fcent correu electr\u00f2nic: info@travellingdeviatge.cat<\/p>\n<p>&nbsp;<\/p>\n<p><strong>POL\u00cdTICA DE PRIVACITAT<\/strong><\/p>\n<p><strong>1.- Informaci\u00f3 al Usuari<\/strong><\/p>\n<p><strong>TRAVELLING DE VIATGE <\/strong>\u00a0informa als\u00a0usuaris del lloc web sobre la seva pol\u00edtica respecte del tractament i protecci\u00f3 de les dades de car\u00e0cter personal dels usuaris i clients que puguin ser recollides per la navegaci\u00f3 a trav\u00e9s del seu lloc web.<\/p>\n<p><strong>TRAVELLING DE VIATGE\u00a0<\/strong>\u00a0\u00e9s el responsable del tractament de les dades personals de l&#8217;Usuari, per la qual cosa se li facilita la seg\u00fcent informaci\u00f3 referent al tractament de les seves dades:<\/p>\n<p><strong>Finalitat del tractament de les seves dades:<\/strong> mantenir una relaci\u00f3 comercial amb l\u2019Usuari. Les operacions previstes per realitzar el tractament son:<\/p>\n<ul>\n<li>Remissi\u00f3 de comunicacions comercials publicit\u00e0ries per e-mail, fax, SMS,\u00a0MMS, xarxes socials o qualsevol altre mitj\u00e0 electr\u00f2nic o f\u00edsic, present o futur, que possibiliti realitzar comunicacions comercials. Aquestes comunicacions seran realitzades per <strong>TRAVELLING DE VIATGE <\/strong>\u00a0i relacionades amb els seus productes i serveis, o amb els dels seus col\u00b7laboradors o prove\u00efdors\u00a0amb els quals\u00a0aquest hagi arribat a algun acord de promoci\u00f3. En aquest cas, els tercers mai tindran acc\u00e9s a les dades personals.<\/li>\n<li>Tramitar enc\u00e0rrecs de peticions o qualsevol tipus de petici\u00f3 que sigui realitzada per l&#8217;usuari a trav\u00e9s de qualsevol de les formes de contacte que es posen a la seva disposici\u00f3.<\/li>\n<li>Remetre el butllet\u00ed de not\u00edcies de la p\u00e0gina web.<\/li>\n<\/ul>\n<p><strong>Criteris de conservaci\u00f3 de les dades:<\/strong> Les dades personals proporcionades es conservaran fins que no se sol\u00b7liciti la seva suspensi\u00f3 per part de l&#8217;interessat, exercint els seus drets sobre les dades, i en qualsevol cas en compliment de terminis legals de prescripci\u00f3 que li siguin aplicables.<\/p>\n<p><strong>Comunicaci\u00f3 o sessi\u00f3 de les dades:<\/strong> No es comunicaran ni cediran les dades a cap destinatari.<\/p>\n<p><strong>Drets que assisteixen al Usuari:<\/strong><\/p>\n<ul>\n<li>Dret a retirar el consentiment en qualsevol moment.\u00b7<\/li>\n<li>Dret d&#8217;acc\u00e9s, rectificaci\u00f3, supressi\u00f3, portabilitat de les seves dades i de la limitaci\u00f3 o oposici\u00f3 del seu tractament, aix\u00ed com no ser objecte de decisions individuals automatitzades.<\/li>\n<li>Dades de contacte per exercir els seus drets:<\/li>\n<\/ul>\n<p>&nbsp;<\/p>\n<p>Ha d&#8217;identificar degudament i sol\u00b7licitar clarament el dret a exercir.<\/p>\n<ul>\n<li>\u00a0Adre\u00e7a electr\u00f2nica: info@travellingdeviatge.cat<\/li>\n<\/ul>\n<p>&nbsp;<\/p>\n<p><strong>2.- Informaci\u00f3 facilitada per l\u2019usuari<\/strong><\/p>\n<p>Si\u00a0ets menor de 18 anys no est\u00e0\u00a0perm\u00e8s l&#8217;\u00fas de formularis al nostre web.<br \/>\nEls Usuaris, introduint les vostres dades en els formularis de contacte o presentats en formularis de desc\u00e0rrega, accepten expressament i de forma lliure i inequ\u00edvoca, que les seves dades s\u00f3n necess\u00e0ries per atendre la seva petici\u00f3, per part del responsable, sent volunt\u00e0ria la inclusi\u00f3 de dades en els camps restants.<\/p>\n<p>L&#8217;Usuari garanteix que les dades personals facilitades al prestador s\u00f3n veraces i es fa responsable de comunicar qualsevol modificaci\u00f3 d&#8217;aquestes.<\/p>\n<p>Totes les dades sol\u00b7licitades a trav\u00e9s del lloc web s\u00f3n necessaris per a la prestaci\u00f3 d&#8217;un servei \u00f2ptim a l&#8217;usuari. En cas que no siguin facilitades totes les dades, no es garanteix que la informaci\u00f3 i serveis que El responsable li faciliti, siguin completament ajustats a les seves necessitats.<\/p>\n<p><strong>\u00a0<\/strong><\/p>\n<ol start=\"3\">\n<li><strong> Mesures de seguretat<\/strong><\/li>\n<\/ol>\n<p>Que de conformitat amb el que disposen les normatives vigents en mat\u00e8ria de protecci\u00f3 de dades personals, El Responsable est\u00e0 complint amb totes les disposicions de les normatives RGPD i LOPD per al tractament de les dades personals de la seva responsabilitat, i manifestament amb els principis descrits en l&#8217;article 5 del RGPD i en l&#8217;article 4 de la LOPD, pels quals s\u00f3n tractats de manera l\u00edcita, lleial i transparent en relaci\u00f3 amb l&#8217;interessat i adequades, pertinents i limitats al que \u00e9s necessari en relaci\u00f3 amb els fins per als quals s\u00f3n tractats.<\/p>\n<p>El responsable garanteix que ha implementat pol\u00edtiques t\u00e8cniques i organitzatives apropiades per aplicar les mesures de seguretat que estableixen el RGPD i la LOPD per tal de protegir els drets i llibertats dels Usuaris i els ha comunicat la informaci\u00f3 adequada perqu\u00e8 puguin exercir-los.<\/p>\n<p><strong>\u00a0<\/strong><\/p>\n<ol start=\"4\">\n<li><strong>Bretxes de Seguretat<\/strong><\/li>\n<\/ol>\n<p>El Responsable informar\u00e0 sobre qualsevol bretxa de seguretat que afecti la base de dades que utilitza aquest lloc web, o que afecti a qualsevol dels nostres serveis de tercers, a totes i cadascuna de les persones, dades dels quals puguin haver estat afectades, i autoritats, dins de les 72 hores seg\u00fcents a la detecci\u00f3 de la bretxa.<\/p>\n<p><strong>\u00a0<\/strong><\/p>\n<p><strong>LEGISLACI\u00d3 APLICABLE I JURISDICCI\u00d3<\/strong><\/p>\n<p>Per a la resoluci\u00f3 de totes les controv\u00e8rsies o q\u00fcestions relacionades amb el present lloc web o de les activitats en ell desenvolupades, ser\u00e0 d&#8217;aplicaci\u00f3 la legislaci\u00f3 espanyola, a la qual se sotmeten expressament les parts, sent competents per a la resoluci\u00f3 de tots els conflictes derivats o relacionats amb el seu \u00fas els Jutjats i Tribunals de Barcelona.[\/vc_column_text][\/vc_column][\/vc_row]<\/p>\n","protected":false},"excerpt":{"rendered":"<p>[vc_row][vc_column][vc_column_text el_class=&#8221;texto&#8221;]RESPONSABLE DEL TRACTAMENT DE LES DADES En compliment del deure d&#8217;informaci\u00f3 que estableix la Llei La 34\/2002, d&#8217;11 de juliol, de Serveis de la Societat de la Informaci\u00f3 i del Comer\u00e7 Electr\u00f2nic, li comuniquem que la present web \u00e9s titularitat de: Denominaci\u00f3 Social: SERVEIS TURISTICS TRAVELLING S.L.\u00a0 (En endavant El responsable) CIF \/ NIF: B67472381 Tel\u00e9fons: +34 648 762<\/p>\n<div class=\"h10\"><\/div>\n<p><a class=\"more-link1\" href=\"https:\/\/travellingdeviaje.com\/ca\/avis-legal-politica-de-privacitat\/\">Read more<\/a><\/p>\n","protected":false},"author":1,"featured_media":0,"parent":0,"menu_order":0,"comment_status":"closed","ping_status":"closed","template":"","meta":[],"_links":{"self":[{"href":"https:\/\/travellingdeviaje.com\/ca\/wp-json\/wp\/v2\/pages\/2360"}],"collection":[{"href":"https:\/\/travellingdeviaje.com\/ca\/wp-json\/wp\/v2\/pages"}],"about":[{"href":"https:\/\/travellingdeviaje.com\/ca\/wp-json\/wp\/v2\/types\/page"}],"author":[{"embeddable":true,"href":"https:\/\/travellingdeviaje.com\/ca\/wp-json\/wp\/v2\/users\/1"}],"replies":[{"embeddable":true,"href":"https:\/\/travellingdeviaje.com\/ca\/wp-json\/wp\/v2\/comments?post=2360"}],"version-history":[{"count":5,"href":"https:\/\/travellingdeviaje.com\/ca\/wp-json\/wp\/v2\/pages\/2360\/revisions"}],"predecessor-version":[{"id":3358,"href":"https:\/\/travellingdeviaje.com\/ca\/wp-json\/wp\/v2\/pages\/2360\/revisions\/3358"}],"wp:attachment":[{"href":"https:\/\/travellingdeviaje.com\/ca\/wp-json\/wp\/v2\/media?parent=2360"}],"curies":[{"name":"wp","href":"https:\/\/api.w.org\/{rel}","templated":true}]}}