{"id":292,"date":"2017-03-27T08:03:45","date_gmt":"2017-03-27T08:03:45","guid":{"rendered":"http:\/\/web4.agencia-marketing-sabadell.es\/?page_id=292&#038;lang=ca"},"modified":"2019-11-08T12:36:27","modified_gmt":"2019-11-08T12:36:27","slug":"qui-som","status":"publish","type":"page","link":"https:\/\/travellingdeviaje.com\/ca\/qui-som\/","title":{"rendered":"Qui som?"},"content":{"rendered":"<p>[vc_row][vc_column width=&#8221;1\/2&#8243;][vc_column_text]Som una ag\u00e8ncia especialitzada en organitzar viatges en grup a diferents destinacions tant a nivell nacional com internacional amb guia acompanyant durant tot el programa.<\/p>\n<p>Durant el seu viatge gaudir\u00e0 d\u2019uns serveis escollits acuradament atenent a la qualitat aix\u00ed com a la contractaci\u00f3 directa dels mateixos, evitant en el possible intermediaris i d\u2019aquesta manera oferir-los preus mes competitius.<\/p>\n<p>Encara que la nostra ag\u00e8ncia \u00e9s de jove creaci\u00f3, l\u2019\u00e0mplia traject\u00f2ria en el sector tur\u00edstic, de m\u00e9s de 30 anys, convertir\u00e0 el seu viatge en un actiu per a la mem\u00f2ria, en una experi\u00e8ncia \u00fanica.<\/p>\n<p>A <strong><em>Travelling de Viatge<\/em><\/strong> creiem que cada viatge ha de transmetre l&#8217;ess\u00e8ncia del pa\u00eds o lloc que visitem, les seves gents, la seva cultura, el folklore, el paisatge, la gastronomia, &#8230; I \u00e9s per aix\u00f2 que elaborem l&#8217;itinerari i el contingut del mateix tenint en compte aquests par\u00e0metres, per poder respondre al m\u00e0xim les seves expectatives.<\/p>\n<p>El valor afegit de <strong><em>Travelling de Viatge<\/em><\/strong> i la seva filosofia consisteix a facilitar els serveis m\u00e9s personalitzats per a cada un dels nostres clients sense descuidar el m\u00e9s m\u00ednim detall.<\/p>\n<p>Igualment preparem viatges a mida de forma individual, oferint-li un ampli ventall en les destinacions m\u00e9s atractives dels cinc continents, amb una rigorosa selecci\u00f3 de prove\u00efdors per garantir el millor servei.[\/vc_column_text][\/vc_column][vc_column width=&#8221;1\/2&#8243;]<div class=\"grid_holder mfp_gallery  big_spacing\" id=\"img_gallery_dc635b0fb1d8994ace9d5c410fb9dbdb\"><div class=\"col span_1_of_2 info_item isotope_element\">\r\n\t\t\t\t\t\t\t<div class=\"pic \">\t\t\t\r\n\t\t\t\t\t\t\t<a href=\"https:\/\/travellingdeviaje.com\/wp-content\/uploads\/2017\/03\/donec-id-feugiat-11.jpg\" class=\"mfp_popup_gal\" title=\"\">\r\n\t\t\t\t\t\t\t\t<img src=\"https:\/\/travellingdeviaje.com\/wp-content\/uploads\/2017\/03\/donec-id-feugiat-11-600x380.jpg\" alt=\"\" \/>\r\n\t\t\t\t\t\t\t\t\r\n\t\t\t\t\t\t\t<\/a>\t<\/div><\/div><div class=\"col span_1_of_2 info_item isotope_element\">\r\n\t\t\t\t\t\t\t<div class=\"pic \">\t\t\t\r\n\t\t\t\t\t\t\t<a href=\"https:\/\/travellingdeviaje.com\/wp-content\/uploads\/2017\/03\/1140_490_933ad47a82965bf70c302136d5cee2d7.jpg\" class=\"mfp_popup_gal\" title=\"\">\r\n\t\t\t\t\t\t\t\t<img src=\"https:\/\/travellingdeviaje.com\/wp-content\/uploads\/2017\/03\/1140_490_933ad47a82965bf70c302136d5cee2d7-600x380.jpg\" alt=\"\" \/>\r\n\t\t\t\t\t\t\t\t\r\n\t\t\t\t\t\t\t<\/a>\t<\/div><\/div><div class=\"col span_1_of_2 info_item isotope_element\">\r\n\t\t\t\t\t\t\t<div class=\"pic \">\t\t\t\r\n\t\t\t\t\t\t\t<a href=\"https:\/\/travellingdeviaje.com\/wp-content\/uploads\/2017\/03\/1140_490_7c135cf084561f79226cbd3e65eaf765.jpg\" class=\"mfp_popup_gal\" title=\"\">\r\n\t\t\t\t\t\t\t\t<img src=\"https:\/\/travellingdeviaje.com\/wp-content\/uploads\/2017\/03\/1140_490_7c135cf084561f79226cbd3e65eaf765-600x380.jpg\" alt=\"\" \/>\r\n\t\t\t\t\t\t\t\t\r\n\t\t\t\t\t\t\t<\/a>\t<\/div><\/div><div class=\"col span_1_of_2 info_item isotope_element\">\r\n\t\t\t\t\t\t\t<div class=\"pic \">\t\t\t\r\n\t\t\t\t\t\t\t<a href=\"https:\/\/travellingdeviaje.com\/wp-content\/uploads\/2017\/03\/1140_490_9bb602d3e1198ed8cf33210b757ca96b.jpg\" class=\"mfp_popup_gal\" title=\"\">\r\n\t\t\t\t\t\t\t\t<img src=\"https:\/\/travellingdeviaje.com\/wp-content\/uploads\/2017\/03\/1140_490_9bb602d3e1198ed8cf33210b757ca96b-600x380.jpg\" alt=\"\" \/>\r\n\t\t\t\t\t\t\t\t\r\n\t\t\t\t\t\t\t<\/a>\t<\/div><\/div><div class=\"col span_1_of_2 info_item isotope_element\">\r\n\t\t\t\t\t\t\t<div class=\"pic \">\t\t\t\r\n\t\t\t\t\t\t\t<a href=\"https:\/\/travellingdeviaje.com\/wp-content\/uploads\/2017\/03\/1140_490_eb72902159b29be7452a13c3446f2dc6.jpg\" class=\"mfp_popup_gal\" title=\"\">\r\n\t\t\t\t\t\t\t\t<img src=\"https:\/\/travellingdeviaje.com\/wp-content\/uploads\/2017\/03\/1140_490_eb72902159b29be7452a13c3446f2dc6-600x380.jpg\" alt=\"\" \/>\r\n\t\t\t\t\t\t\t\t\r\n\t\t\t\t\t\t\t<\/a>\t<\/div><\/div><div class=\"col span_1_of_2 info_item isotope_element\">\r\n\t\t\t\t\t\t\t<div class=\"pic \">\t\t\t\r\n\t\t\t\t\t\t\t<a href=\"https:\/\/travellingdeviaje.com\/wp-content\/uploads\/2017\/03\/1140_490_b38ebf383a5b76fec1e8b28cdb48c760.jpg\" class=\"mfp_popup_gal\" title=\"\">\r\n\t\t\t\t\t\t\t\t<img src=\"https:\/\/travellingdeviaje.com\/wp-content\/uploads\/2017\/03\/1140_490_b38ebf383a5b76fec1e8b28cdb48c760-600x380.jpg\" alt=\"\" \/>\r\n\t\t\t\t\t\t\t\t\r\n\t\t\t\t\t\t\t<\/a>\t<\/div><\/div><\/div>[\/vc_column][\/vc_row][vc_row][vc_column]<div class=\"boc_spacing \" style=\"height: 20px\"><\/div><h4 class=\"boc_heading  al_left  \"  style=\"margin-bottom: 20px;margin-top: 0px;color: #333;\"><span><strong>Viatges Destacats<\/strong> <\/span><\/h4><div class=\"posts_carousel_holder \">\r\n\t\t\t\t\t\t<div id=\"posts_carousel_3835\" style=\"opacity:0;\"><div class=\"post_item_block  boc_owl_lazy \"><div class=\"pic \"><a href=\"https:\/\/travellingdeviaje.com\/ca\/cuba\/\"><img src=\"https:\/\/travellingdeviaje.com\/wp-content\/uploads\/2022\/11\/98841601_fb-cover-600x380.png\"\/><div class=\"img_overlay\"><span class=\"hover_icon icon_plus\"><\/span><\/div><\/a><\/div><div class=\"post_item_desc dark_links\"><h4><a href=\"https:\/\/travellingdeviaje.com\/ca\/cuba\/\">AUT\u00c8NTICA CUBA<\/a><\/h4>\t\t<\/div>\r\n\t\t\t\t<\/div><div class=\"post_item_block  boc_owl_lazy \"><div class=\"pic \"><a href=\"https:\/\/travellingdeviaje.com\/ca\/mercats-de-nadal-a-baviera\/\"><img src=\"https:\/\/travellingdeviaje.com\/wp-content\/uploads\/2022\/09\/116936843_fb-cover-1-600x380.jpg\"\/><div class=\"img_overlay\"><span class=\"hover_icon icon_plus\"><\/span><\/div><\/a><\/div><div class=\"post_item_desc dark_links\"><h4><a href=\"https:\/\/travellingdeviaje.com\/ca\/mercats-de-nadal-a-baviera\/\">MERCATS DE NADAL A BAVIERA<\/a><\/h4>\t\t<\/div>\r\n\t\t\t\t<\/div><div class=\"post_item_block  boc_owl_lazy \"><div class=\"pic \"><a href=\"https:\/\/travellingdeviaje.com\/ca\/selva-negra\/\"><img src=\"https:\/\/travellingdeviaje.com\/wp-content\/uploads\/2022\/04\/65685181_fb-cover_enrich-600x380.webp\"\/><div class=\"img_overlay\"><span class=\"hover_icon icon_plus\"><\/span><\/div><\/a><\/div><div class=\"post_item_desc dark_links\"><h4><a href=\"https:\/\/travellingdeviaje.com\/ca\/selva-negra\/\">SELVA NEGRA<\/a><\/h4>\t\t<\/div>\r\n\t\t\t\t<\/div><div class=\"post_item_block  boc_owl_lazy \"><div class=\"pic \"><a href=\"https:\/\/travellingdeviaje.com\/ca\/egipte-8-dies-vol-xarter\/\"><img src=\"https:\/\/travellingdeviaje.com\/wp-content\/uploads\/2020\/03\/47219447_fb-cover-600x380.jpg\"\/><div class=\"img_overlay\"><span class=\"hover_icon icon_plus\"><\/span><\/div><\/a><\/div><div class=\"post_item_desc dark_links\"><h4><a href=\"https:\/\/travellingdeviaje.com\/ca\/egipte-8-dies-vol-xarter\/\">EGIPTE 8 DIES &#8211; VOL X\u00c0RTER<\/a><\/h4>\t\t<\/div>\r\n\t\t\t\t<\/div><div class=\"post_item_block  boc_owl_lazy \"><div class=\"pic \"><a href=\"https:\/\/travellingdeviaje.com\/ca\/marroc-el-gran-sud\/\"><img src=\"https:\/\/travellingdeviaje.com\/wp-content\/uploads\/2018\/11\/General-Belle-Etoile-10-e1543312888335-600x380.jpg\"\/><div class=\"img_overlay\"><span class=\"hover_icon icon_plus\"><\/span><\/div><\/a><\/div><div class=\"post_item_desc dark_links\"><h4><a href=\"https:\/\/travellingdeviaje.com\/ca\/marroc-el-gran-sud\/\">SUD DEL MARROC<\/a><\/h4>\t\t<\/div>\r\n\t\t\t\t<\/div><div class=\"post_item_block  boc_owl_lazy \"><div class=\"pic \"><a href=\"https:\/\/travellingdeviaje.com\/ca\/holanda\/\"><img src=\"https:\/\/travellingdeviaje.com\/wp-content\/uploads\/2019\/03\/87892952_ml-e1552403715585-600x380.jpg\"\/><div class=\"img_overlay\"><span class=\"hover_icon icon_plus\"><\/span><\/div><\/a><\/div><div class=\"post_item_desc dark_links\"><h4><a href=\"https:\/\/travellingdeviaje.com\/ca\/holanda\/\">HOLANDA<\/a><\/h4>\t\t<\/div>\r\n\t\t\t\t<\/div><div class=\"post_item_block  boc_owl_lazy \"><div class=\"pic \"><a href=\"https:\/\/travellingdeviaje.com\/ca\/el-tirol-i-baviera\/\"><img src=\"https:\/\/travellingdeviaje.com\/wp-content\/uploads\/2018\/04\/32750149_ml-e1522775648701-600x380.jpg\"\/><div class=\"img_overlay\"><span class=\"hover_icon icon_plus\"><\/span><\/div><\/a><\/div><div class=\"post_item_desc dark_links\"><h4><a href=\"https:\/\/travellingdeviaje.com\/ca\/el-tirol-i-baviera\/\">EL TIROL I BAVIERA<\/a><\/h4>\t\t<\/div>\r\n\t\t\t\t<\/div><div class=\"post_item_block  boc_owl_lazy \"><div class=\"pic \"><a href=\"https:\/\/travellingdeviaje.com\/ca\/irlanda\/\"><img src=\"https:\/\/travellingdeviaje.com\/wp-content\/uploads\/2018\/06\/81606035_m-e1529396520671-600x380.jpg\"\/><div class=\"img_overlay\"><span class=\"hover_icon icon_plus\"><\/span><\/div><\/a><\/div><div class=\"post_item_desc dark_links\"><h4><a href=\"https:\/\/travellingdeviaje.com\/ca\/irlanda\/\">IRLANDA<\/a><\/h4>\t\t<\/div>\r\n\t\t\t\t<\/div><div class=\"post_item_block  boc_owl_lazy \"><div class=\"pic \"><a href=\"https:\/\/travellingdeviaje.com\/ca\/la-bretanya-i-normandia\/\"><img src=\"https:\/\/travellingdeviaje.com\/wp-content\/uploads\/2018\/04\/1526451_l-e1523212502195-600x380.jpg\"\/><div class=\"img_overlay\"><span class=\"hover_icon icon_plus\"><\/span><\/div><\/a><\/div><div class=\"post_item_desc dark_links\"><h4><a href=\"https:\/\/travellingdeviaje.com\/ca\/la-bretanya-i-normandia\/\">LA BRETANYA-NORMANDIA<\/a><\/h4>\t\t<\/div>\r\n\t\t\t\t<\/div><div class=\"post_item_block  boc_owl_lazy \"><div class=\"pic \"><a href=\"https:\/\/travellingdeviaje.com\/ca\/los-balcanes\/\"><img src=\"https:\/\/travellingdeviaje.com\/wp-content\/uploads\/2018\/03\/51654990_ml-e1521493350226-600x380.jpg\"\/><div class=\"img_overlay\"><span class=\"hover_icon icon_plus\"><\/span><\/div><\/a><\/div><div class=\"post_item_desc dark_links\"><h4><a href=\"https:\/\/travellingdeviaje.com\/ca\/los-balcanes\/\">ELS BALCANS<\/a><\/h4>\t\t<\/div>\r\n\t\t\t\t<\/div><div class=\"post_item_block  boc_owl_lazy \"><div class=\"pic \"><a href=\"https:\/\/travellingdeviaje.com\/ca\/escocia\/\"><img src=\"https:\/\/travellingdeviaje.com\/wp-content\/uploads\/2018\/03\/45711527_ml-e1521122732840-600x380.jpg\"\/><div class=\"img_overlay\"><span class=\"hover_icon icon_plus\"><\/span><\/div><\/a><\/div><div class=\"post_item_desc dark_links\"><h4><a href=\"https:\/\/travellingdeviaje.com\/ca\/escocia\/\">ESC\u00d2CIA<\/a><\/h4>\t\t<\/div>\r\n\t\t\t\t<\/div><div class=\"post_item_block  boc_owl_lazy \"><div class=\"pic \"><a href=\"https:\/\/travellingdeviaje.com\/ca\/berlin\/\"><img src=\"https:\/\/travellingdeviaje.com\/wp-content\/uploads\/2017\/09\/47593341_m-e1505039237793-600x380.jpg\"\/><div class=\"img_overlay\"><span class=\"hover_icon icon_plus\"><\/span><\/div><\/a><\/div><div class=\"post_item_desc dark_links\"><h4><a href=\"https:\/\/travellingdeviaje.com\/ca\/berlin\/\">BERLIN<\/a><\/h4>\t\t<\/div>\r\n\t\t\t\t<\/div><\/div><\/div>\r\n\t\t\t\t\t\t\t<!-- Posts Carousel -->\r\n\t\t\t\t\t\t\t<script type=\"text\/javascript\">\r\n\t\t\t\t\t\t\t\t\t\t\r\n\t\t\t\t\t\t\t\tjQuery(document).ready(function($) {\t\t\t\r\n\t\t\t\t\t\t\t\t\t\r\n\t\t\t\t\t\t\t\t\t\/\/ Load carousel after its images are loaded\r\n\t\t\t\t\t\t\t\t\tpreloadImages($(\"#posts_carousel_3835 img\"), function () {\r\n\t\t\t\t\t\t\t\t\t\t\r\n\t\t\t\t\t\t\t\t\t\tvar carousel = $(\"#posts_carousel_3835\");\r\n\t\t\t\t\t\t\t\t\t\t\r\n\t\t\t\t\t\t\t\t\t\tvar args = {\r\n\t\t\t\t\t\t\t\t\t\t\titems: \t\t\t\t4,\r\n\t\t\t\t\t\t\t\t\t\t\tautoplay:\t\t\tfalse,\r\n\t\t\t\t\t\t\t\t\t\t\tautoplayTimeout:\t6000,\r\n\t\t\t\t\t\t\t\t\t\t\tloop: \t\t\t\tfalse,\r\n\t\t\t\t\t\t\t\t\t\t\tnav: \t\t\t\ttrue,\r\n\t\t\t\t\t\t\t\t\t\t\tdots: \t\t\t\tfalse,\r\n\t\t\t\t\t\t\t\t\t\t\tautoHeight: \t\tfalse,\r\n\t\t\t\t\t\t\t\t\t\t\tnavText:\t\t\t[\"<span class='icon icon-arrow-left7'><\/span>\",\"<span class='icon icon-arrow-right7'><\/span>\"],\r\n\t\t\t\t\t\t\t\t\t\t\tslideBy: \t\t\t1,\r\n\t\t\t\t\t\t\t\t\t\t\t\r\n\t\t\t\t\t\t\t\t\t\t\tnavRewind: false,\r\n\t\t\t\t\t\t\t\t\t\t\trtl : \t\t\t\tfalse,\r\n\t\t\t\t\t\t\t\t\t\t\tmargin:30,\r\n\t\t\t\t\t\t\t\t\t\t\tresponsive:{\r\n\t\t\t\t\t\t\t\t\t\t\t\t0:{\r\n\t\t\t\t\t\t\t\t\t\t\t\t  items:1,\r\n\t\t\t\t\t\t\t\t\t\t\t\t},\r\n\t\t\t\t\t\t\t\t\t\t\t\t480:{\r\n\t\t\t\t\t\t\t\t\t\t\t\t  items:1,\r\n\t\t\t\t\t\t\t\t\t\t\t\t  margin:20,\r\n\t\t\t\t\t\t\t\t\t\t\t\t},\r\n\t\t\t\t\t\t\t\t\t\t\t\t769:{\r\n\t\t\t\t\t\t\t\t\t\t\t\t  items:4\r\n\t\t\t\t\t\t\t\t\t\t\t\t}\r\n\t\t\t\t\t\t\t\t\t\t\t},\r\n\t\t\t\t\t\t\t\t\t\t\tonInitialized:  showCarousel_3835\r\n\t\t\t\t\t\t\t\t\t\t};\r\n\r\n\t\t\t\t\t\t\t\t\t\tcarousel.owlCarousel(args);\r\n\r\n\t\t\t\t\t\t\t\t\t\tvar initital_width = carousel.css(\"width\");\r\n\t\t\t\t\t\t\t\t\t\t\r\n\t\t\t\t\t\t\t\t\t\t\/* Refresh it for full width rows *\/\r\n\t\t\t\t\t\t\t\t\t\t$(window).load(function(){\r\n\t\t\t\t\t\t\t\t\t\t\tif(carousel.css(\"width\") != initital_width) {\r\n\t\t\t\t\t\t\t\t\t\t\t\tcarousel.trigger(\"destroy.owl.carousel\").removeClass(\"owl-carousel owl-loaded\");\r\n\t\t\t\t\t\t\t\t\t\t\t\tcarousel.find(\".owl-stage-outer\").children().unwrap();\r\n\t\t\t\t\t\t\t\t\t\t\t\tcarousel.owlCarousel(args);\r\n\t\t\t\t\t\t\t\t\t\t\t}\r\n\t\t\t\t\t\t\t\t\t\t});\r\n\t\t\t\t\t\t\t\t\t});\r\n\t\t\t\t\t\t\t\t\t\r\n\t\t\t\t\t\t\t\t\t\r\n\t\t\t\t\t\t\t\t\t\/* Show once loaded *\/\r\n\t\t\t\t\t\t\t\t\tfunction showCarousel_3835() {\r\n\t\t\t\t\t\t\t\t\t\t$(\"#posts_carousel_3835\").fadeTo(0,1);\r\n\t\t\t\t\t\t\t\t\t\t$(\"#posts_carousel_3835 .owl-item .boc_owl_lazy\").css(\"opacity\",\"1\");\r\n\t\t\t\t\t\t\t\t\t}\r\n\t\t\t\t\t\t\t\t\t\r\n\t\t\t\t\t\t\t\t});\r\n\t\t\t\t\t\t\t\t\r\n\t\t\t\t\t\t\t<\/script>\r\n\t\t\t\t\t\t\t<!-- Posts Carousel :: END -->\t            \r\n\t\t\t\t\t[\/vc_column][\/vc_row]<\/p>\n","protected":false},"excerpt":{"rendered":"<p>[vc_row][vc_column width=&#8221;1\/2&#8243;][vc_column_text]Som una ag\u00e8ncia especialitzada en organitzar viatges en grup a diferents destinacions tant a nivell nacional com internacional amb guia acompanyant durant tot el programa. Durant el seu viatge gaudir\u00e0 d\u2019uns serveis escollits acuradament atenent a la qualitat aix\u00ed com a la contractaci\u00f3 directa dels mateixos, evitant en el possible intermediaris i d\u2019aquesta manera oferir-los preus mes competitius. Encara<\/p>\n<div class=\"h10\"><\/div>\n<p><a class=\"more-link1\" href=\"https:\/\/travellingdeviaje.com\/ca\/berlin\/\">Read more<\/a><\/p>\n","protected":false},"author":1,"featured_media":0,"parent":0,"menu_order":0,"comment_status":"closed","ping_status":"closed","template":"","meta":[],"_links":{"self":[{"href":"https:\/\/travellingdeviaje.com\/ca\/wp-json\/wp\/v2\/pages\/292"}],"collection":[{"href":"https:\/\/travellingdeviaje.com\/ca\/wp-json\/wp\/v2\/pages"}],"about":[{"href":"https:\/\/travellingdeviaje.com\/ca\/wp-json\/wp\/v2\/types\/page"}],"author":[{"embeddable":true,"href":"https:\/\/travellingdeviaje.com\/ca\/wp-json\/wp\/v2\/users\/1"}],"replies":[{"embeddable":true,"href":"https:\/\/travellingdeviaje.com\/ca\/wp-json\/wp\/v2\/comments?post=292"}],"version-history":[{"count":4,"href":"https:\/\/travellingdeviaje.com\/ca\/wp-json\/wp\/v2\/pages\/292\/revisions"}],"predecessor-version":[{"id":2823,"href":"https:\/\/travellingdeviaje.com\/ca\/wp-json\/wp\/v2\/pages\/292\/revisions\/2823"}],"wp:attachment":[{"href":"https:\/\/travellingdeviaje.com\/ca\/wp-json\/wp\/v2\/media?parent=292"}],"curies":[{"name":"wp","href":"https:\/\/api.w.org\/{rel}","templated":true}]}}